{"id":13,"date":"2021-12-03T10:35:17","date_gmt":"2021-12-03T15:35:17","guid":{"rendered":"https:\/\/www.notaireaylmer.com\/?page_id=13"},"modified":"2024-10-30T13:33:32","modified_gmt":"2024-10-30T17:33:32","slug":"me-magalie-nicolau","status":"publish","type":"page","link":"https:\/\/www.notaireaylmer.com\/fr\/me-magalie-nicolau\/","title":{"rendered":"Me Magalie Nicolau"},"content":{"rendered":"<p>Originaire d\u2019Aylmer, Me Magalie Nicolau a \u00e9t\u00e9 admise \u00e0 la Chambre des notaires du Qu\u00e9bec en 2008. Forte d&rsquo;une exp\u00e9rience de dix ans \u00e0 Montr\u00e9al \u00e0 titre de notaire, c\u2019est en 2018 qu\u2019elle s\u2019associe \u00e0 L&rsquo;\u00c9tude l\u00e9gale du Vieux-Aylmer. Durant son parcours professionnel, Me Nicolau a principalement orient\u00e9 sa pratique sur le droit immobilier et de la famille. Parfaitement bilingue, elle accompagne ses clients avec comp\u00e9tence et professionnalisme dans la langue de leur choix.<\/p>\n<p>Ses clients profitent de judicieux conseils dans tous les aspects et \u00e0 chaque \u00e9tape de leurs transactions. Ils sont nombreux \u00e0 appr\u00e9cier son s\u00e9rieux, sa disponibilit\u00e9 et son sens de l\u2019\u00e9coute. Outre ses comp\u00e9tences professionnelles, Me Nicolau privil\u00e9gie les contacts humains et se d\u00e9marque par son empathie et sa bienveillance; ses clients lui soumettent en toute confiance leurs dossiers parfois d\u00e9licats. Toujours pr\u00eate \u00e0 servir sa client\u00e8le, Me Nicolau se fera un plaisir de vous accueillir dans ses bureaux d\u2019Aylmer, Gatineau.<\/p>\n<a class=\"contact btn\" href=\"https:\/\/www.notaireaylmer.com\/fr\/contactez-nous\/\" aria-label=\"mnicolau@notaireaylmer.com\">mnicolau@notaireaylmer.com<\/a>\n","protected":false},"excerpt":{"rendered":"<p>Originaire d\u2019Aylmer, Me Magalie Nicolau a \u00e9t\u00e9 admise \u00e0 la Chambre des notaires du Qu\u00e9bec en 2008. Forte d&rsquo;une exp\u00e9rience de dix ans \u00e0 Montr\u00e9al \u00e0 titre de notaire, c\u2019est en 2018 qu\u2019elle s\u2019associe \u00e0 L&rsquo;\u00c9tude l\u00e9gale du Vieux-Aylmer. Durant son parcours professionnel, Me Nicolau a principalement orient\u00e9 sa pratique sur le droit immobilier et [&hellip;]<\/p>\n","protected":false},"author":1,"featured_media":786,"parent":0,"menu_order":0,"comment_status":"closed","ping_status":"closed","template":"page-templates\/member.php","meta":{"footnotes":""},"class_list":["post-13","page","type-page","status-publish","has-post-thumbnail","hentry"],"_links":{"self":[{"href":"https:\/\/www.notaireaylmer.com\/fr\/wp-json\/wp\/v2\/pages\/13","targetHints":{"allow":["GET"]}}],"collection":[{"href":"https:\/\/www.notaireaylmer.com\/fr\/wp-json\/wp\/v2\/pages"}],"about":[{"href":"https:\/\/www.notaireaylmer.com\/fr\/wp-json\/wp\/v2\/types\/page"}],"author":[{"embeddable":true,"href":"https:\/\/www.notaireaylmer.com\/fr\/wp-json\/wp\/v2\/users\/1"}],"replies":[{"embeddable":true,"href":"https:\/\/www.notaireaylmer.com\/fr\/wp-json\/wp\/v2\/comments?post=13"}],"version-history":[{"count":8,"href":"https:\/\/www.notaireaylmer.com\/fr\/wp-json\/wp\/v2\/pages\/13\/revisions"}],"predecessor-version":[{"id":830,"href":"https:\/\/www.notaireaylmer.com\/fr\/wp-json\/wp\/v2\/pages\/13\/revisions\/830"}],"wp:featuredmedia":[{"embeddable":true,"href":"https:\/\/www.notaireaylmer.com\/fr\/wp-json\/wp\/v2\/media\/786"}],"wp:attachment":[{"href":"https:\/\/www.notaireaylmer.com\/fr\/wp-json\/wp\/v2\/media?parent=13"}],"curies":[{"name":"wp","href":"https:\/\/api.w.org\/{rel}","templated":true}]}}