{"id":17,"date":"2021-12-03T10:36:28","date_gmt":"2021-12-03T15:36:28","guid":{"rendered":"https:\/\/www.notaireaylmer.com\/?page_id=17"},"modified":"2024-07-04T10:30:33","modified_gmt":"2024-07-04T14:30:33","slug":"me-patrice-provost","status":"publish","type":"page","link":"https:\/\/www.notaireaylmer.com\/fr\/me-patrice-provost\/","title":{"rendered":"Me Patrice Provost"},"content":{"rendered":"<p>Me Patrice Provost, notaire, est le fondateur de L\u2019\u00c9tude l\u00e9gale du Vieux-Aylmer, entreprise qu\u2019il a fond\u00e9e en 1993 et dont il a consacr\u00e9 plus de 25 ans de sa vie. Au cours de ces nombreuses ann\u00e9es, il a trait\u00e9 et a r\u00e9gl\u00e9 des situations dans la plupart des domaines du droit, ce qui fait de lui un pilier de la communaut\u00e9 juridique du village d\u2019Aylmer.<\/p>\n<p>En 2018 il s\u2019est associ\u00e9 \u00e0 Me Magalie Nicolau, notaire, afin de faire perdurer l\u2019\u00c9tude l\u00e9gale du Vieux-Aylmer. En 2020, apr\u00e8s une belle carri\u00e8re, Me Provost a pris sa retraite et laisse Me Nicolau cessionnaire de son greffe.<\/p>\n","protected":false},"excerpt":{"rendered":"<p>Me Patrice Provost, notaire, est le fondateur de L\u2019\u00c9tude l\u00e9gale du Vieux-Aylmer, entreprise qu\u2019il a fond\u00e9e en 1993 et dont il a consacr\u00e9 plus de 25 ans de sa vie. Au cours de ces nombreuses ann\u00e9es, il a trait\u00e9 et a r\u00e9gl\u00e9 des situations dans la plupart des domaines du droit, ce qui fait de [&hellip;]<\/p>\n","protected":false},"author":1,"featured_media":19,"parent":0,"menu_order":0,"comment_status":"closed","ping_status":"closed","template":"page-templates\/member.php","meta":{"footnotes":""},"class_list":["post-17","page","type-page","status-publish","has-post-thumbnail","hentry"],"_links":{"self":[{"href":"https:\/\/www.notaireaylmer.com\/fr\/wp-json\/wp\/v2\/pages\/17","targetHints":{"allow":["GET"]}}],"collection":[{"href":"https:\/\/www.notaireaylmer.com\/fr\/wp-json\/wp\/v2\/pages"}],"about":[{"href":"https:\/\/www.notaireaylmer.com\/fr\/wp-json\/wp\/v2\/types\/page"}],"author":[{"embeddable":true,"href":"https:\/\/www.notaireaylmer.com\/fr\/wp-json\/wp\/v2\/users\/1"}],"replies":[{"embeddable":true,"href":"https:\/\/www.notaireaylmer.com\/fr\/wp-json\/wp\/v2\/comments?post=17"}],"version-history":[{"count":6,"href":"https:\/\/www.notaireaylmer.com\/fr\/wp-json\/wp\/v2\/pages\/17\/revisions"}],"predecessor-version":[{"id":831,"href":"https:\/\/www.notaireaylmer.com\/fr\/wp-json\/wp\/v2\/pages\/17\/revisions\/831"}],"wp:featuredmedia":[{"embeddable":true,"href":"https:\/\/www.notaireaylmer.com\/fr\/wp-json\/wp\/v2\/media\/19"}],"wp:attachment":[{"href":"https:\/\/www.notaireaylmer.com\/fr\/wp-json\/wp\/v2\/media?parent=17"}],"curies":[{"name":"wp","href":"https:\/\/api.w.org\/{rel}","templated":true}]}}