{"id":2,"date":"2021-12-03T15:00:35","date_gmt":"2021-12-03T15:00:35","guid":{"rendered":"https:\/\/www.notaireaylmer.com\/?page_id=2"},"modified":"2025-09-16T10:44:07","modified_gmt":"2025-09-16T14:44:07","slug":"accueil","status":"publish","type":"page","link":"https:\/\/www.notaireaylmer.com\/fr\/","title":{"rendered":"Accueil"},"content":{"rendered":"<section class=\"h1-container\">\n<div class=\"container\">\n<div class=\"row\">\n<div class=\"col-12\">\n<div class=\"lc-block\">\n<div editable=\"rich\">\n<h1>Immobilier, succession, testament&#8230;<br \/>D\u00c9MYSTIFIEZ LE MONDE DES AFFAIRES \u00e0 Gatineau.<\/h1>\n<\/p><\/div>\n<\/p><\/div>\n<p><!-- \/lc-block --><\/p>\n<div class=\"lc-block\">\n<div lc-helper=\"shortcode\" class=\"live-shortcode\"><a class=\"contact btn\" href=\"https:\/\/www.notaireaylmer.com\/fr\/contactez-nous\/\" aria-label=\"Contactez-nous\">Contactez-nous<\/a><\/div>\n<\/p><\/div>\n<p><!-- \/lc-block -->\n\t\t\t<\/div>\n<p><!-- \/col -->\n\t\t<\/div>\n<\/p><\/div>\n<\/section>\n<section class=\"apropos-container\">\n<div class=\"container\">\n<div class=\"row justify-content-end\">\n<div class=\"col-lg-8 col-xl-7 col-xxl-6\">\n<div class=\"lc-block\">\n<div editable=\"rich\">\n<h2>\u00c9tude l\u00e9gale du Vieux-Aylmer \u00e0 Gatineau \u2013 Magalie Nicolau Notaire<\/h2>\n<h3>Notaires et conseillers juridiques d\u2019exp\u00e9rience<\/h3>\n<p>\u00c9tablie depuis 1993, l\u2019\u00c9tude l\u00e9gale du Vieux-Aylmer est l\u2019\u00e9tude l\u00e9gale par excellence \u00e0 Aylmer. Situ\u00e9e dans une maison patrimoniale du secteur historique de la ville d\u2019Aylmer, l\u2019\u00c9tude l\u00e9gale du Vieux-Aylmer vous offre ses services de <a class=\"\" href=\"https:\/\/www.notaireaylmer.com\/fr\/notaire-gatineau\/\" aria-label=\"notaire\">notaire<\/a> et <a class=\"\" href=\"https:\/\/www.notaireaylmer.com\/fr\/conseillers-juridiques-gatineau\/\" aria-label=\"conseiller juridique\">conseiller juridique<\/a>. Que vous soyez sur le point d\u2019acheter une maison, d\u2019investir dans l\u2019immobilier, de planifier votre retraite ou de prendre en charge une personne en perte d\u2019autonomie, nous pouvons vous aider.<\/p>\n<p>L\u2019\u00c9tude l\u00e9gale du Vieux-Aylmer \u00e0 Gatineau est \u00e0 l\u2019\u00e9coute de vos besoins et s\u2019engage \u00e0 prendre le temps de vous expliquer tous les aspects de votre dossier. Votre satisfaction est ce qui importe le plus et nous nous assurons que vous compreniez tous les enjeux de votre dossier \u00e0 toutes les \u00e9tapes que vous traverserez avec les Ma\u00eetres de chez \u00c9tude l\u00e9gale du Vieux-Aylmer \u00e0 Gatineau.<\/p>\n<\/p><\/div>\n<\/p><\/div>\n<p><!-- \/lc-block -->\n\t\t\t<\/div>\n<p><!-- \/col -->\n\t\t<\/div>\n<\/p><\/div>\n<\/section>\n<section class=\"associations-container\">\n<div class=\"container\">\n<div class=\"row\">\n<div class=\"col-md-7\">\n<div class=\"lc-block\">\n<div editable=\"rich\">\n<h2>Associations professionnelles<\/h2>\n<ul>\n<li>Associations des professionnels, industriels et commer\u00e7ants d\u2019Aylmer (<a href=\"https:\/\/apica.ca\/\" rel=\"nofollow noopener\" target=\"_blank\">APICA<\/a>)<\/li>\n<li>Association des notaires de l\u2019Outaouais (<a href=\"https:\/\/notairesoutaouais.ca\/\" rel=\"nofollow noopener\" target=\"_blank\">ANO<\/a>)<\/li>\n<li><a href=\"https:\/\/www.cnq.org\/\" rel=\"nofollow noopener\" target=\"_blank\">Chambre des notaires du Qu\u00e9bec<\/a><\/li>\n<\/ul><\/div>\n<\/p><\/div>\n<p><!-- \/lc-block -->\n\t\t\t<\/div>\n<p><!-- \/col --><\/p>\n<div class=\"col-md-5 mt-4 mt-md-0\">\n<div class=\"lc-block\"><img decoding=\"async\" class=\"img-fluid jetpack-lazy-image\" src=\"https:\/\/www.notaireaylmer.com\/wp-content\/uploads\/2021\/12\/salle-conference-768x512.jpg\" title=\"Salle de conf\u00e9rence moderne pour les consultations chez Notaire Aylmer\n\" alt=\"Salle de conf\u00e9rence chez Notaire Aylmer\" data-lazy-srcset=\"https:\/\/www.notaireaylmer.com\/wp-content\/uploads\/2021\/12\/salle-conference-768x512.jpg 768w, https:\/\/www.notaireaylmer.com\/wp-content\/uploads\/2021\/12\/salle-conference-300x200.jpg 300w, https:\/\/www.notaireaylmer.com\/wp-content\/uploads\/2021\/12\/salle-conference-1024x683.jpg 1024w, https:\/\/www.notaireaylmer.com\/wp-content\/uploads\/2021\/12\/salle-conference-1536x1024.jpg 1536w, https:\/\/www.notaireaylmer.com\/wp-content\/uploads\/2021\/12\/salle-conference-450x300.jpg 450w, https:\/\/www.notaireaylmer.com\/wp-content\/uploads\/2021\/12\/salle-conference.jpg 1920w\" data-lazy-sizes=\"(max-width: 768px) 100vw, 768px\" data-lazy-src=\"https:\/\/www.notaireaylmer.com\/wp-content\/uploads\/2021\/12\/salle-conference-768x512.jpg?is-pending-load=1\" srcset=\"data:image\/gif;base64,R0lGODlhAQABAIAAAAAAAP\/\/\/yH5BAEAAAAALAAAAAABAAEAAAIBRAA7\"><noscript>&lt;img data-lazy-fallback=\u00a0\u00bb1&Prime; class=\u00a0\u00bbimg-fluid\u00a0\u00bb src=\u00a0\u00bbhttps:\/\/www.notaireaylmer.com\/wp-content\/uploads\/2021\/12\/salle-conference-768&#215;512.jpg\u00a0\u00bb srcset=\u00a0\u00bbhttps:\/\/www.notaireaylmer.com\/wp-content\/uploads\/2021\/12\/salle-conference-768&#215;512.jpg 768w, https:\/\/www.notaireaylmer.com\/wp-content\/uploads\/2021\/12\/salle-conference-300&#215;200.jpg 300w, https:\/\/www.notaireaylmer.com\/wp-content\/uploads\/2021\/12\/salle-conference-1024&#215;683.jpg 1024w, https:\/\/www.notaireaylmer.com\/wp-content\/uploads\/2021\/12\/salle-conference-1536&#215;1024.jpg 1536w, https:\/\/www.notaireaylmer.com\/wp-content\/uploads\/2021\/12\/salle-conference-450&#215;300.jpg 450w, https:\/\/www.notaireaylmer.com\/wp-content\/uploads\/2021\/12\/salle-conference.jpg 1920w\u00a0\u00bb sizes=\u00a0\u00bb(max-width: 768px) 100vw, 768px\u00a0\u00bb alt=\u00a0\u00bb\u00a0\u00bb&gt;<\/noscript><\/div>\n<p><!-- \/lc-block -->\n\t\t\t<\/div>\n<p><!-- \/col -->\n\t\t<\/div>\n<\/p><\/div>\n<\/section>\n<section class=\"notaire-gatineau-home-container parallax\">\n<div class=\"container\">\n<div class=\"row\">\n<div class=\"col-md-12\">\n<div class=\"lc-block\">\n<div editable=\"rich\">\n<h2>Notaire Gatineau<\/h2>\n<p>Vous avez besoin d&rsquo;un <a class=\"\" href=\"https:\/\/www.notaireaylmer.com\/fr\/notaire-gatineau\/\" aria-label=\"notaire\">notaire<\/a> de qualit\u00e9 \u00e0 Gatineau? Votre recherche s&rsquo;arr\u00eate ici avec l&rsquo;\u00c9tude l\u00e9gale du Vieux-Aylmer! Avec plus de deux d\u00e9cennies d&rsquo;exp\u00e9rience, nous sommes maintenant reconnus comme une compagnie de confiance dans le&nbsp;secteur de Gatineau. Chez l\u2019\u00c9tude l\u00e9gale du Vieux-Aylmer, nous offrons plusieurs services, incluant des <a class=\"\" href=\"https:\/\/www.notaireaylmer.com\/fr\/conseillers-juridiques-gatineau\/\" aria-label=\"conseils l&eacute;gaux\">conseils l\u00e9gaux<\/a>, des testaments, <a class=\"\" href=\"https:\/\/www.notaireaylmer.com\/fr\/succession-gatineau\/\" aria-label=\"des successions\">des successions<\/a> et beaucoup plus.<\/p>\n<p>Avez-vous besoin d&rsquo;une authentification l\u00e9gale? <a class=\"\" href=\"https:\/\/www.notaireaylmer.com\/fr\/contactez-nous\/\" aria-label=\"Contactez-nous chez l&amp;rsquo;&Eacute;tude l&eacute;gale\">Contactez-nous chez l&rsquo;\u00c9tude l\u00e9gale<\/a> du Vieux-Aylmer d\u00e8s aujourd&rsquo;hui pour le meilleur service <a class=\"\" href=\"https:\/\/www.notaireaylmer.com\/fr\/notaire-gatineau\/\" aria-label=\"notaire de Gatineau\">notaire de Gatineau<\/a>.<\/p>\n<\/p><\/div>\n<\/p><\/div>\n<p><!-- \/lc-block -->\n\t\t\t<\/div>\n<p><!-- \/col -->\n\t\t<\/div>\n<\/p><\/div>\n<\/section>\n<section class=\"specialites-container\">\n<div class=\"container\">\n<div class=\"row\">\n<div class=\"col-12\">\n<div class=\"lc-block\">\n<div editable=\"rich\">\n<h2>Sp\u00e9cialit\u00e9s<\/h2>\n<\/p><\/div>\n<\/p><\/div>\n<p><!-- \/lc-block -->\n\t\t\t<\/div>\n<p><!-- \/col --><\/p>\n<div class=\"col-12 col-lg-4\">\n<div class=\"lc-block\">\n<div lc-helper=\"shortcode\" class=\"live-shortcode\"><a class=\"\" href=\"https:\/\/www.notaireaylmer.com\/fr\/conseillers-juridiques-gatineau\/\" aria-label=\"Conseil juridique\">Conseil juridique<\/a><\/div>\n<\/p><\/div>\n<p><!-- \/lc-block -->\n\t\t\t<\/div>\n<p><!-- \/col --><\/p>\n<div class=\"col-12 col-lg-4\">\n<div class=\"lc-block\">\n<div lc-helper=\"shortcode\" class=\"live-shortcode\"><a class=\"\" href=\"https:\/\/www.notaireaylmer.com\/fr\/nos-services\/immobilier\/\" aria-label=\"Droit immobilier (achat et vente de propri&eacute;t&eacute;, hypoth&egrave;que, quittance)\"><span>Droit immobilier<\/span> <span>(achat et vente de propri\u00e9t\u00e9, hypoth\u00e8que, quittance)<\/span><\/a><\/div>\n<\/p><\/div>\n<p><!-- \/lc-block -->\n\t\t\t<\/div>\n<p><!-- \/col --><\/p>\n<div class=\"col-12 col-lg-4\">\n<div class=\"lc-block\">\n<div lc-helper=\"shortcode\" class=\"live-shortcode\"><a class=\"\" href=\"https:\/\/www.notaireaylmer.com\/fr\/nos-services\/mandat\/\" aria-label=\"Mandats d&rsquo;inaptitude\">Mandats d\u2019inaptitude<\/a><\/div>\n<\/p><\/div>\n<p><!-- \/lc-block -->\n\t\t\t<\/div>\n<p><!-- \/col --><\/p>\n<div class=\"col-12\">\n<div class=\"lc-block\">\n<div lc-helper=\"shortcode\" class=\"live-shortcode\"><a class=\"\" href=\"https:\/\/www.notaireaylmer.com\/fr\/nos-services\/testament\/\" aria-label=\"Testament et succession\">Testament et succession<\/a><\/div>\n<\/p><\/div>\n<p><!-- \/lc-block -->\n\t\t\t<\/div>\n<p><!-- \/col -->\n\t\t<\/div>\n<\/p><\/div>\n<\/section>\n","protected":false},"excerpt":{"rendered":"<p>Immobilier, succession, testament&#8230;D\u00c9MYSTIFIEZ LE MONDE DES AFFAIRES \u00e0 Gatineau. \u00c9tude l\u00e9gale du Vieux-Aylmer \u00e0 Gatineau \u2013 Magalie Nicolau Notaire Notaires et conseillers juridiques d\u2019exp\u00e9rience \u00c9tablie depuis 1993, l\u2019\u00c9tude l\u00e9gale du Vieux-Aylmer est l\u2019\u00e9tude l\u00e9gale par excellence \u00e0 Aylmer. Situ\u00e9e dans une maison patrimoniale du secteur historique de la ville d\u2019Aylmer, l\u2019\u00c9tude l\u00e9gale du Vieux-Aylmer vous [&hellip;]<\/p>\n","protected":false},"author":1,"featured_media":0,"parent":0,"menu_order":0,"comment_status":"closed","ping_status":"closed","template":"","meta":{"footnotes":""},"class_list":["post-2","page","type-page","status-publish","hentry"],"_links":{"self":[{"href":"https:\/\/www.notaireaylmer.com\/fr\/wp-json\/wp\/v2\/pages\/2","targetHints":{"allow":["GET"]}}],"collection":[{"href":"https:\/\/www.notaireaylmer.com\/fr\/wp-json\/wp\/v2\/pages"}],"about":[{"href":"https:\/\/www.notaireaylmer.com\/fr\/wp-json\/wp\/v2\/types\/page"}],"author":[{"embeddable":true,"href":"https:\/\/www.notaireaylmer.com\/fr\/wp-json\/wp\/v2\/users\/1"}],"replies":[{"embeddable":true,"href":"https:\/\/www.notaireaylmer.com\/fr\/wp-json\/wp\/v2\/comments?post=2"}],"version-history":[{"count":56,"href":"https:\/\/www.notaireaylmer.com\/fr\/wp-json\/wp\/v2\/pages\/2\/revisions"}],"predecessor-version":[{"id":867,"href":"https:\/\/www.notaireaylmer.com\/fr\/wp-json\/wp\/v2\/pages\/2\/revisions\/867"}],"wp:attachment":[{"href":"https:\/\/www.notaireaylmer.com\/fr\/wp-json\/wp\/v2\/media?parent=2"}],"curies":[{"name":"wp","href":"https:\/\/api.w.org\/{rel}","templated":true}]}}