{"id":53,"date":"2021-12-03T13:46:48","date_gmt":"2021-12-03T18:46:48","guid":{"rendered":"https:\/\/www.notaireaylmer.com\/?page_id=53"},"modified":"2021-12-08T14:41:16","modified_gmt":"2021-12-08T19:41:16","slug":"notaire-gatineau","status":"publish","type":"page","link":"https:\/\/www.notaireaylmer.com\/fr\/notaire-gatineau\/","title":{"rendered":"Notaire Gatineau"},"content":{"rendered":"<section class=\"h1-container notaire-gatineau\">\n<div class=\"container\">\n<div class=\"row\">\n<div class=\"col-12\">\n<div class=\"lc-block text-center\">\n<div editable=\"rich\">\n<h1 class=\"hidden\">Notaire Gatineau<\/h1>\n<\/p><\/div>\n<\/p><\/div>\n<p><!-- \/lc-block -->\n\t\t\t<\/div>\n<p><!-- \/col -->\n\t\t<\/div>\n<\/p><\/div>\n<\/section>\n<section class=\"notaire-gatineau-container\">\n<div class=\"container\">\n<div class=\"row\">\n<div class=\"col-12 col-lg-6\">\n<div class=\"lc-block pr-4\">\n<div editable=\"rich\">\n<h2>Notaire Gatineau<\/h2>\n<p>L\u2019expertise d\u2019un notaire \u00e0 Gatineau est d\u2019une grande valeur pour tout achat <a class=\"\" href=\"https:\/\/www.notaireaylmer.com\/fr\/nos-services\/immobilier\/\" aria-label=\"immobilier\">immobilier<\/a> et traitement de documents juridiques. Avec plus de 25 ans d\u2019exp\u00e9rience en droit immobilier, <a class=\"\" href=\"https:\/\/www.notaireaylmer.com\/fr\/nos-services\/succession\/\" aria-label=\"succession\">succession<\/a> et testament, ainsi qu\u2019en droit des affaires, nous sommes s\u00fbrs de vous fournir des services juridiques de qualit\u00e9! Peu importe vos besoins, la porte de notre cabinet de notaire est grande ouverte.<\/p>\n<\/p><\/div>\n<\/p><\/div>\n<p><!-- \/lc-block -->\n\t\t\t<\/div>\n<p><!-- \/col --><\/p>\n<div class=\"col-12 col-lg-6\">\n<div class=\"lc-block\">\n\t\t\t\t\t<picture><source srcset=\"https:\/\/www.notaireaylmer.com\/wp-content\/uploads\/2021\/12\/table-vieux-aylmerinc-768x512.webp\" type=\"image\/webp\"><img loading=\"lazy\" decoding=\"async\" class=\"img-fluid\" src=\"https:\/\/www.notaireaylmer.com\/wp-content\/uploads\/2021\/12\/table-vieux-aylmerinc-768x512.jpg\" srcset=\"https:\/\/www.notaireaylmer.com\/wp-content\/uploads\/2021\/12\/table-vieux-aylmerinc-768x512.jpg 768w, https:\/\/www.notaireaylmer.com\/wp-content\/uploads\/2021\/12\/table-vieux-aylmerinc-300x200.jpg 300w, https:\/\/www.notaireaylmer.com\/wp-content\/uploads\/2021\/12\/table-vieux-aylmerinc-1024x683.jpg 1024w, https:\/\/www.notaireaylmer.com\/wp-content\/uploads\/2021\/12\/table-vieux-aylmerinc-1536x1024.jpg 1536w, https:\/\/www.notaireaylmer.com\/wp-content\/uploads\/2021\/12\/table-vieux-aylmerinc-450x300.jpg 450w, https:\/\/www.notaireaylmer.com\/wp-content\/uploads\/2021\/12\/table-vieux-aylmerinc.jpg 1920w\" sizes=\"auto, (max-width: 768px) 100vw, 768px\" alt=\"\" width=\"768\" height=\"512\"><\/picture>\n\t\t\t\t<\/div>\n<p><!-- \/lc-block -->\n\t\t\t<\/div>\n<p><!-- \/col -->\n\t\t<\/div>\n<\/p><\/div>\n<\/section>\n<section class=\"three-col-container\">\n<div class=\"container\">\n<div class=\"row\">\n<div class=\"col-12 col-lg-4\">\n<div class=\"lc-block\">\n<div editable=\"rich\">\n<h3>Le partenaire par excellence pour l&rsquo;acquisition et la vente immobili\u00e8res<\/h3>\n<p>L\u2019\u00c9tude l\u00e9gale du Vieux-Aylmer accueille tous clients n\u00e9cessitant une authentification l\u00e9gale et des connaissances approfondies en droit. Nous nous d\u00e9marquons surtout en traitement de dossiers relatifs \u00e0 l\u2019achat ou \u00e0 la vente de maisons. Nous nous chargeons de tout, tels que la promesse d\u2019achat, les dettes hypoth\u00e9caires, le certificat de localisation, les titres de propri\u00e9t\u00e9, et plus encore! Pour un service complet et efficace, il suffit de faire confiance \u00e0 notre notaire \u00e0 Gatineau.<\/p>\n<\/p><\/div>\n<\/p><\/div>\n<p><!-- \/lc-block -->\n\t\t\t<\/div>\n<p><!-- \/col --><\/p>\n<div class=\"col-12 col-lg-4\">\n<div class=\"lc-block\">\n<div editable=\"rich\">\n<h3>Un soutien durant les moments difficiles de succession<\/h3>\n<p>Les proc\u00e9dures de succession face au d\u00e9c\u00e8s d&rsquo;un \u00eatre cher pr\u00e9sentent toujours une difficult\u00e9. Nous comprenons que c&rsquo;est un moment tr\u00e8s difficile pour vous, mais c&rsquo;est aussi un moment important. C&rsquo;est la raison pour laquelle, \u00e0 l&rsquo;\u00c9tude l\u00e9gale du Vieux-Aylmer, nous vous offrons un service de succession complet qui vous permettra d&rsquo;avoir l&rsquo;esprit tranquille. Notre \u00e9quipe est pr\u00eate \u00e0 vous guider dans le processus de succession et \u00e0 vous aider \u00e0 prendre les d\u00e9cisions n\u00e9cessaires en fonction de vos besoins et vos objectifs.<\/p>\n<\/p><\/div>\n<\/p><\/div>\n<p><!-- \/lc-block -->\n\t\t\t<\/div>\n<p><!-- \/col --><\/p>\n<div class=\"col-12 col-lg-4\">\n<div class=\"lc-block\">\n<div editable=\"rich\">\n<h3>Un testament notari\u00e9 : une s\u00e9curit\u00e9 assur\u00e9e<\/h3>\n<p>L&rsquo;un des services juridiques offerts par notre notaire \u00e0 Gatineau est la r\u00e9daction d&rsquo;un <a class=\"\" href=\"https:\/\/www.notaireaylmer.com\/fr\/nos-services\/\" aria-label=\"testament\">testament<\/a>. Ce document vous permet de d\u00e9cider qui recevra vos biens et possessions apr\u00e8s votre d\u00e9c\u00e8s et \u00e0 qui vous voulez laisser un h\u00e9ritage.<\/p>\n<p>Afin d\u2019\u00e9conomiser sur des co\u00fbts additionnels inutiles et d\u2019assurer la s\u00e9curit\u00e9 de votre testament, notre notaire \u00e0 Gatineau sera heureux de vous assister.<\/p>\n<\/p><\/div>\n<\/p><\/div>\n<p><!-- \/lc-block -->\n\t\t\t<\/div>\n<p><!-- \/col -->\n\t\t<\/div>\n<\/p><\/div>\n<\/section>\n<section class=\"notaire-gatineau-container\">\n<div class=\"container\">\n<div class=\"row\">\n<div class=\"col-12 col-md-6 pr-md-0\">\n<div class=\"lc-block img-50\">\n\t\t\t\t\t<picture><source srcset=\"https:\/\/www.notaireaylmer.com\/wp-content\/uploads\/2021\/12\/british-museum-1024x683.webp\" type=\"image\/webp\"><img loading=\"lazy\" decoding=\"async\" class=\"img-fluid\" src=\"https:\/\/www.notaireaylmer.com\/wp-content\/uploads\/2021\/12\/british-museum-1024x683.jpg\" srcset=\"https:\/\/www.notaireaylmer.com\/wp-content\/uploads\/2021\/12\/british-museum-1024x683.jpg 1024w, https:\/\/www.notaireaylmer.com\/wp-content\/uploads\/2021\/12\/british-museum-300x200.jpg 300w, https:\/\/www.notaireaylmer.com\/wp-content\/uploads\/2021\/12\/british-museum-768x512.jpg 768w, https:\/\/www.notaireaylmer.com\/wp-content\/uploads\/2021\/12\/british-museum-1536x1024.jpg 1536w, https:\/\/www.notaireaylmer.com\/wp-content\/uploads\/2021\/12\/british-museum-450x300.jpg 450w, https:\/\/www.notaireaylmer.com\/wp-content\/uploads\/2021\/12\/british-museum.jpg 1920w\" sizes=\"auto, (max-width: 1024px) 100vw, 1024px\" alt=\"\" width=\"1024\" height=\"683\"><\/picture>\n\t\t\t\t<\/div>\n<p><!-- \/lc-block -->\n\t\t\t<\/div>\n<p><!-- \/col --><\/p>\n<div class=\"col-12 col-md-6\">\n<div class=\"lc-block pl-0 pl-md-4 pl-lg-5\">\n<div editable=\"rich\">\n<h2>Un cabinet de notaire qualifi\u00e9<\/h2>\n<p>Notre affiliation \u00e0 plusieurs associations professionnelles, comme la Chambre des notaires du Qu\u00e9bec, fait de nous un partenaire de confiance pour la signature de documents concernant les investissements immobiliers et successions! Avec plus de <a class=\"\" href=\"https:\/\/www.notaireaylmer.com\/fr\/politique-de-confidentialite\/\" aria-label=\"25 ans\">25 ans<\/a> d&rsquo;exp\u00e9rience dans le secteur, notre bureau est plus que qualifi\u00e9 pour entreprendre vos besoins juridiques. Appelez-nous d\u00e8s aujourd&rsquo;hui pour en savoir plus sur nos services et sur la fa\u00e7on dont nous pouvons vous aider.<\/p>\n<\/p><\/div>\n<\/p><\/div>\n<p><!-- \/lc-block -->\n\t\t\t<\/div>\n<p><!-- \/col -->\n\t\t<\/div>\n<\/p><\/div>\n<\/section>\n<section class=\"notaire-gatineau-container\">\n<div class=\"container\">\n<div class=\"row\">\n<div class=\"col-12 col-md-6\">\n<div class=\"lc-block pr-0 pr-md-4 pr-lg-5\">\n<div editable=\"rich\">\n<h2>Nous sommes honn\u00eates et fiables<\/h2>\n<p>Renseignez-vous sur toutes vos implications juridiques avant de signer ou de r\u00e9diger un document avec l&rsquo;aide d&rsquo;un notaire \u00e0 Gatineau. Quels que soient vos besoins, votre dossier l\u00e9gal sera trait\u00e9 en ayant vos int\u00e9r\u00eats \u00e0 l&rsquo;esprit. Nous tirons notre fiert\u00e9 du service chaleureux offert par nos notaires de Gatineau, ainsi que de l\u2019attention que nous accordons pour nous assurer que vous compreniez tous les enjeux de votre dossier juridique!<\/p>\n<\/p><\/div>\n<\/p><\/div>\n<p><!-- \/lc-block -->\n\t\t\t<\/div>\n<p><!-- \/col --><\/p>\n<div class=\"col-12 col-md-6 pl-md-0 order-first order-md-last\">\n<div class=\"lc-block img-50\">\n\t\t\t\t\t<picture><source srcset=\"https:\/\/www.notaireaylmer.com\/wp-content\/uploads\/2021\/12\/homme-ecris-sur-papier-1024x683.webp\" type=\"image\/webp\"><img loading=\"lazy\" decoding=\"async\" class=\"img-fluid\" src=\"https:\/\/www.notaireaylmer.com\/wp-content\/uploads\/2021\/12\/homme-ecris-sur-papier-1024x683.jpg\" srcset=\"https:\/\/www.notaireaylmer.com\/wp-content\/uploads\/2021\/12\/homme-ecris-sur-papier-1024x683.jpg 1024w, https:\/\/www.notaireaylmer.com\/wp-content\/uploads\/2021\/12\/homme-ecris-sur-papier-300x200.jpg 300w, https:\/\/www.notaireaylmer.com\/wp-content\/uploads\/2021\/12\/homme-ecris-sur-papier-768x512.jpg 768w, https:\/\/www.notaireaylmer.com\/wp-content\/uploads\/2021\/12\/homme-ecris-sur-papier-1536x1025.jpg 1536w, https:\/\/www.notaireaylmer.com\/wp-content\/uploads\/2021\/12\/homme-ecris-sur-papier-450x300.jpg 450w, https:\/\/www.notaireaylmer.com\/wp-content\/uploads\/2021\/12\/homme-ecris-sur-papier.jpg 1920w\" sizes=\"auto, (max-width: 1024px) 100vw, 1024px\" alt=\"\" width=\"1024\" height=\"683\"><\/picture>\n\t\t\t\t<\/div>\n<p><!-- \/lc-block -->\n\t\t\t<\/div>\n<p><!-- \/col -->\n\t\t<\/div>\n<\/p><\/div>\n<\/section>\n","protected":false},"excerpt":{"rendered":"<p>Notaire Gatineau Notaire Gatineau L\u2019expertise d\u2019un notaire \u00e0 Gatineau est d\u2019une grande valeur pour tout achat et traitement de documents juridiques. Avec plus de 25 ans d\u2019exp\u00e9rience en droit immobilier, et testament, ainsi qu\u2019en droit des affaires, nous sommes s\u00fbrs de vous fournir des services juridiques de qualit\u00e9! Peu importe vos besoins, la porte de [&hellip;]<\/p>\n","protected":false},"author":1,"featured_media":0,"parent":0,"menu_order":0,"comment_status":"closed","ping_status":"closed","template":"","meta":{"footnotes":""},"class_list":["post-53","page","type-page","status-publish","hentry"],"_links":{"self":[{"href":"https:\/\/www.notaireaylmer.com\/fr\/wp-json\/wp\/v2\/pages\/53","targetHints":{"allow":["GET"]}}],"collection":[{"href":"https:\/\/www.notaireaylmer.com\/fr\/wp-json\/wp\/v2\/pages"}],"about":[{"href":"https:\/\/www.notaireaylmer.com\/fr\/wp-json\/wp\/v2\/types\/page"}],"author":[{"embeddable":true,"href":"https:\/\/www.notaireaylmer.com\/fr\/wp-json\/wp\/v2\/users\/1"}],"replies":[{"embeddable":true,"href":"https:\/\/www.notaireaylmer.com\/fr\/wp-json\/wp\/v2\/comments?post=53"}],"version-history":[{"count":27,"href":"https:\/\/www.notaireaylmer.com\/fr\/wp-json\/wp\/v2\/pages\/53\/revisions"}],"predecessor-version":[{"id":186,"href":"https:\/\/www.notaireaylmer.com\/fr\/wp-json\/wp\/v2\/pages\/53\/revisions\/186"}],"wp:attachment":[{"href":"https:\/\/www.notaireaylmer.com\/fr\/wp-json\/wp\/v2\/media?parent=53"}],"curies":[{"name":"wp","href":"https:\/\/api.w.org\/{rel}","templated":true}]}}