{"id":55,"date":"2021-12-03T13:47:41","date_gmt":"2021-12-03T18:47:41","guid":{"rendered":"https:\/\/www.notaireaylmer.com\/?page_id=55"},"modified":"2022-01-19T09:32:38","modified_gmt":"2022-01-19T14:32:38","slug":"conseillers-juridiques-gatineau","status":"publish","type":"page","link":"https:\/\/www.notaireaylmer.com\/fr\/conseillers-juridiques-gatineau\/","title":{"rendered":"Conseillers juridiques \u00e0 Gatineau"},"content":{"rendered":"<section class=\"h1-container conseillers\">\n<div class=\"container\">\n<div class=\"row\">\n<div class=\"col-12\">\n<div class=\"lc-block text-center\">\n<div editable=\"rich\">\n<h1 class=\"hidden\">Conseillers juridiques \u00e0 Gatineau<\/h1>\n<\/p><\/div>\n<\/p><\/div>\n<p><!-- \/lc-block -->\n\t\t\t<\/div>\n<p><!-- \/col -->\n\t\t<\/div>\n<\/p><\/div>\n<\/section>\n<section class=\"conseillers-container\">\n<div class=\"container\">\n<div class=\"row\">\n<div class=\"col-12\">\n<div class=\"lc-block\">\n<div editable=\"rich\">\n<h2>Conseillers juridiques \u00e0 Gatineau<\/h2>\n<p>En exercice depuis 1993, nos notaires \u00e0 l\u2019\u00c9tude l\u00e9gale du Vieux-Aylmer offrent leur expertise comme conseillers juridiques \u00e0 Gatineau. Nos conseils juridiques ne manqeront aucun d\u00e9tail pour vous \u00e9quiper avec toutes les informations n\u00e9cessaires afin d&rsquo;affronter votre affaire en toute confiance.<\/p>\n<\/p><\/div>\n<\/p><\/div>\n<p><!-- \/lc-block -->\n\t\t\t<\/div>\n<p><!-- \/col -->\n\t\t<\/div>\n<\/p><\/div>\n<\/section>\n<section class=\"two-col-container\">\n<div class=\"container\">\n<div class=\"row\">\n<div class=\"col-12 col-lg-6\">\n<div class=\"lc-block\">\n<div editable=\"rich\">\n<p>Que vous ayez des pr\u00e9occupations <a class=\"\" href=\"https:\/\/www.notaireaylmer.com\/fr\/nos-services\/immobilier\/\" aria-label=\"immobili&egrave;res\">immobili\u00e8res<\/a>, en <a class=\"\" href=\"https:\/\/www.notaireaylmer.com\/fr\/nos-services\/succession\/\" aria-label=\"succession\">succession<\/a> et <a class=\"\" href=\"https:\/\/www.notaireaylmer.com\/fr\/nos-services\/testament\/\" aria-label=\"testament\">testament<\/a>, en <a class=\"\" href=\"https:\/\/www.notaireaylmer.com\/fr\/nos-services\/mandat\/\" aria-label=\"mandat d&rsquo;inaptitude\">mandat d\u2019inaptitude<\/a> et procuration ou en affaires, un notaire sera \u00e0 votre disposition pour vous fournir de l\u2019aide juridique. Toujours en ayant le bien-\u00eatre du client \u00e0 c\u0153ur, nous prenons le temps de conna\u00eetre vos besoins et vos inqui\u00e9tudes afin de vous procurer une solution b\u00e9n\u00e9fique et d\u00e9taill\u00e9e.<\/p>\n<\/p><\/div>\n<\/p><\/div>\n<p><!-- \/lc-block -->\n\t\t\t<\/div>\n<p><!-- \/col --><\/p>\n<div class=\"col-12 col-lg-6\">\n<div class=\"lc-block\">\n<div editable=\"rich\">\n<p>Nous avons pour mission d\u2019assurer la compr\u00e9hension et la prise en charge compl\u00e8te de votre dossier. En abordant toute consultation comme un partenariat, soyez assur\u00e9s que nous vous guiderons \u00e0 chaque \u00e9tape afin de trouver une conclusion avantageuse.<\/p>\n<\/p><\/div>\n<\/p><\/div>\n<p><!-- \/lc-block -->\n\t\t\t<\/div>\n<p><!-- \/col -->\n\t\t<\/div>\n<\/p><\/div>\n<\/section>\n<section class=\"blue-bg-container conseillers\">\n<div class=\"container\">\n<div class=\"row\">\n<div class=\"col-12\">\n<div class=\"lc-block\">\n<div editable=\"rich\">\n<p><span>Vous pouvez vous confier \u00e0 nos conseillers juridiques \u00e0 Gatineau!<\/span> <span>Contactez-nous pour toute question juridique.<\/span><\/p>\n<\/p><\/div>\n<\/p><\/div>\n<p><!-- \/lc-block -->\n\t\t\t<\/div>\n<p><!-- \/col -->\n\t\t<\/div>\n<\/p><\/div>\n<\/section>\n","protected":false},"excerpt":{"rendered":"<p>Conseillers juridiques \u00e0 Gatineau Conseillers juridiques \u00e0 Gatineau En exercice depuis 1993, nos notaires \u00e0 l\u2019\u00c9tude l\u00e9gale du Vieux-Aylmer offrent leur expertise comme conseillers juridiques \u00e0 Gatineau. Nos conseils juridiques ne manqeront aucun d\u00e9tail pour vous \u00e9quiper avec toutes les informations n\u00e9cessaires afin d&rsquo;affronter votre affaire en toute confiance. Que vous ayez des pr\u00e9occupations , [&hellip;]<\/p>\n","protected":false},"author":1,"featured_media":0,"parent":0,"menu_order":0,"comment_status":"closed","ping_status":"closed","template":"","meta":{"footnotes":""},"class_list":["post-55","page","type-page","status-publish","hentry"],"_links":{"self":[{"href":"https:\/\/www.notaireaylmer.com\/fr\/wp-json\/wp\/v2\/pages\/55","targetHints":{"allow":["GET"]}}],"collection":[{"href":"https:\/\/www.notaireaylmer.com\/fr\/wp-json\/wp\/v2\/pages"}],"about":[{"href":"https:\/\/www.notaireaylmer.com\/fr\/wp-json\/wp\/v2\/types\/page"}],"author":[{"embeddable":true,"href":"https:\/\/www.notaireaylmer.com\/fr\/wp-json\/wp\/v2\/users\/1"}],"replies":[{"embeddable":true,"href":"https:\/\/www.notaireaylmer.com\/fr\/wp-json\/wp\/v2\/comments?post=55"}],"version-history":[{"count":19,"href":"https:\/\/www.notaireaylmer.com\/fr\/wp-json\/wp\/v2\/pages\/55\/revisions"}],"predecessor-version":[{"id":308,"href":"https:\/\/www.notaireaylmer.com\/fr\/wp-json\/wp\/v2\/pages\/55\/revisions\/308"}],"wp:attachment":[{"href":"https:\/\/www.notaireaylmer.com\/fr\/wp-json\/wp\/v2\/media?parent=55"}],"curies":[{"name":"wp","href":"https:\/\/api.w.org\/{rel}","templated":true}]}}