{"id":68,"date":"2021-12-06T12:03:13","date_gmt":"2021-12-06T17:03:13","guid":{"rendered":"https:\/\/www.notaireaylmer.com\/?page_id=68"},"modified":"2024-10-30T09:28:19","modified_gmt":"2024-10-30T13:28:19","slug":"succession-gatineau","status":"publish","type":"page","link":"https:\/\/www.notaireaylmer.com\/fr\/succession-gatineau\/","title":{"rendered":"Succession \u00e0 Gatineau"},"content":{"rendered":"<section class=\"h1-container succession\">\n<div class=\"container\">\n<div class=\"row\">\n<div class=\"col-12\">\n<div class=\"lc-block text-center\">\n<div editable=\"rich\">\n<h1 class=\"hidden\">Conseillers juridiques \u00e0 Gatineau<\/h1>\n<\/p><\/div>\n<\/p><\/div>\n<p><!-- \/lc-block -->\n\t\t\t<\/div>\n<p><!-- \/col -->\n\t\t<\/div>\n<\/p><\/div>\n<\/section>\n<section class=\"succession-container\">\n<div class=\"container\">\n<div class=\"row\">\n<div class=\"col-12\">\n<div class=\"lc-block\">\n<div editable=\"rich\">\n<h2>Succession \u00e0 Gatineau<\/h2>\n<p><a class=\"\" href=\"https:\/\/www.notaireaylmer.com\/fr\/\" aria-label=\"L&amp;rsquo;&Eacute;tude L&eacute;gale du Vieux-Aylmer\">L&rsquo;\u00c9tude L\u00e9gale du Vieux-Aylmer<\/a> est une r\u00e9f\u00e9rence de confiance pour tout ce qui a trait \u00e0 la succession \u00e0 Gatineau. Lorsque vous avez besoin de l&rsquo;expertise d&rsquo;un <a class=\"\" href=\"https:\/\/www.notaireaylmer.com\/fr\/me-magalie-nicolau\/\" aria-label=\"notaire\">notaire<\/a> pour la planification et la liquidation de succession, <a class=\"\" href=\"https:\/\/www.notaireaylmer.com\/fr\/contactez-nous\/\" aria-label=\"contactez-nous\">contactez-nous<\/a>. Chez L\u2019\u00c9tude l\u00e9gale du Vieux-Aylmer, nous assurerons une assistance adapt\u00e9e \u00e0 vos besoins! Il est pr\u00e9f\u00e9rable de r\u00e9gler vos affaires sans tarder afin de s\u00e9curiser vos biens et de les l\u00e9guer sans difficult\u00e9 par la suite.<\/p>\n<\/p><\/div>\n<\/p><\/div>\n<p><!-- \/lc-block -->\n\t\t\t<\/div>\n<p><!-- \/col -->\n\t\t<\/div>\n<\/p><\/div>\n<\/section>\n<section class=\"succession-container\">\n<div class=\"container\">\n<div class=\"row\">\n<div class=\"col-12 col-lg-6\">\n<div class=\"lc-block\">\n\t\t\t\t\t<picture><source srcset=\"https:\/\/www.notaireaylmer.com\/wp-content\/uploads\/2021\/12\/homme-ecris-sur-papier-768x512.webp\" type=\"image\/webp\"><img loading=\"lazy\" decoding=\"async\" class=\"img-fluid jetpack-lazy-image\" src=\"https:\/\/www.notaireaylmer.com\/wp-content\/uploads\/2021\/12\/homme-ecris-sur-papier-768x512.jpg\" alt=\"\" width=\"768\" height=\"512\" data-lazy-srcset=\"https:\/\/www.notaireaylmer.com\/wp-content\/uploads\/2021\/12\/homme-ecris-sur-papier-768x512.jpg 768w, https:\/\/www.notaireaylmer.com\/wp-content\/uploads\/2021\/12\/homme-ecris-sur-papier-300x200.jpg 300w, https:\/\/www.notaireaylmer.com\/wp-content\/uploads\/2021\/12\/homme-ecris-sur-papier-1024x683.jpg 1024w, https:\/\/www.notaireaylmer.com\/wp-content\/uploads\/2021\/12\/homme-ecris-sur-papier-1536x1025.jpg 1536w, https:\/\/www.notaireaylmer.com\/wp-content\/uploads\/2021\/12\/homme-ecris-sur-papier-450x300.jpg 450w, https:\/\/www.notaireaylmer.com\/wp-content\/uploads\/2021\/12\/homme-ecris-sur-papier.jpg 1920w\" data-lazy-sizes=\"(max-width: 768px) 100vw, 768px\" data-lazy-src=\"https:\/\/www.notaireaylmer.com\/wp-content\/uploads\/2021\/12\/homme-ecris-sur-papier-768x512.jpg?is-pending-load=1\" srcset=\"data:image\/gif;base64,R0lGODlhAQABAIAAAAAAAP\/\/\/yH5BAEAAAAALAAAAAABAAEAAAIBRAA7\"><\/picture><noscript><picture><source srcset=\"https:\/\/www.notaireaylmer.com\/wp-content\/uploads\/2021\/12\/homme-ecris-sur-papier-768x512.webp\" type=\"image\/webp\"><img loading=\"lazy\" decoding=\"async\" data-lazy-fallback=\"1\" class=\"img-fluid\" src=\"https:\/\/www.notaireaylmer.com\/wp-content\/uploads\/2021\/12\/homme-ecris-sur-papier-768x512.jpg\" srcset=\"https:\/\/www.notaireaylmer.com\/wp-content\/uploads\/2021\/12\/homme-ecris-sur-papier-768x512.jpg 768w, https:\/\/www.notaireaylmer.com\/wp-content\/uploads\/2021\/12\/homme-ecris-sur-papier-300x200.jpg 300w, https:\/\/www.notaireaylmer.com\/wp-content\/uploads\/2021\/12\/homme-ecris-sur-papier-1024x683.jpg 1024w, https:\/\/www.notaireaylmer.com\/wp-content\/uploads\/2021\/12\/homme-ecris-sur-papier-1536x1025.jpg 1536w, https:\/\/www.notaireaylmer.com\/wp-content\/uploads\/2021\/12\/homme-ecris-sur-papier-450x300.jpg 450w, https:\/\/www.notaireaylmer.com\/wp-content\/uploads\/2021\/12\/homme-ecris-sur-papier.jpg 1920w\" sizes=\"auto, (max-width: 768px) 100vw, 768px\" alt=\"\" width=\"768\" height=\"512\"><\/picture><\/noscript>\n\t\t\t\t<\/div>\n<p><!-- \/lc-block -->\n\t\t\t<\/div>\n<p><!-- \/col --><\/p>\n<div class=\"col-12 col-lg-6\">\n<div class=\"lc-block\">\n<div editable=\"rich\">\n<p>La <a class=\"\" href=\"https:\/\/www.notaireaylmer.com\/fr\/nos-services\/succession\/\" aria-label=\"succession\">succession<\/a> \u00e0 Gatineau est une affaire importante \u00e0 r\u00e9gler le plus t\u00f4t possible pour assurer une transition sans faille. Il se peut \u00e9galement que vous ayez besoin de l&rsquo;aide d&rsquo;un notaire, surtout si vous n&rsquo;\u00eates pas familier sur ses aspects l\u00e9gaux. Avec l\u2019aide de L\u2019\u00c9tude l\u00e9gale du Vieux-Aylmer \u00e0 Gatineau, vous profiterez non seulement d&rsquo;une expertise approfondie en succession, mais aussi d&rsquo;une planification l\u00e9gitime que seuls les notaires peuvent certifier.<\/p>\n<hr>\n<p>Un <a class=\"\" href=\"https:\/\/www.notaireaylmer.com\/fr\/me-patrice-provost\/\" aria-label=\"notaire\">notaire<\/a> peut \u00e9galement conserver en toute s\u00e9curit\u00e9 vos documents de testament et de succession \u00e0 Gatineau! Quels que soient vos besoins en mati\u00e8re de planification ou de liquidation, l&rsquo;\u00c9tude L\u00e9gale du Vieux-Aylmer est l\u00e0 pour vous fournir une assistance experte et conforme aux normes juridiques en vigueur. Nous pouvons \u00e9galement vous assister avec un dossier juridique en mati\u00e8re d&rsquo;<a class=\"\" href=\"https:\/\/www.notaireaylmer.com\/fr\/nos-services\/immobilier\/\" aria-label=\"immobilier\">immobilier<\/a>, de <a class=\"\" href=\"https:\/\/www.notaireaylmer.com\/fr\/nos-services\/mandat\/\" aria-label=\"mandat d&amp;rsquo;inaptitude et de procuration\">mandat d&rsquo;inaptitude et de procuration<\/a>.<\/p>\n<\/p><\/div>\n<\/p><\/div>\n<p><!-- \/lc-block -->\n\t\t\t<\/div>\n<p><!-- \/col -->\n\t\t<\/div>\n<\/p><\/div>\n<\/section>\n<section class=\"conseillers-bg-container parallax\">\n<div class=\"container\">\n<div class=\"row\">\n<div class=\"col-12\">\n<div class=\"lc-block\">\n<div editable=\"rich\">\n<h2>Pour tous vos besoins et pr\u00e9occupations, communiquez avec L\u2019\u00c9tude l\u00e9gale du Vieux-Aylmer <\/h2>\n<p><span>Votre succession \u00e0 Gatineau est entre les bonnes mains de nos notaires hautement qualifi\u00e9s.<\/span> <span>Si vous avez un probl\u00e8me ou simplement besoin de renseignements, nous serons l\u00e0 pour vous!<\/span><\/p>\n<\/p><\/div>\n<\/p><\/div>\n<div class=\"lc-block\">\n<div lc-helper=\"shortcode\" class=\"live-shortcode\"><a class=\"contact btn\" href=\"https:\/\/www.notaireaylmer.com\/fr\/contactez-nous\/\" aria-label=\"Contactez-nous\">Contactez-nous<\/a><\/div>\n<\/p><\/div>\n<p><!-- \/lc-block -->\n\t\t\t<\/div>\n<p><!-- \/col -->\n\t\t<\/div>\n<\/p><\/div>\n<\/section>\n","protected":false},"excerpt":{"rendered":"<p>Conseillers juridiques \u00e0 Gatineau Succession \u00e0 Gatineau est une r\u00e9f\u00e9rence de confiance pour tout ce qui a trait \u00e0 la succession \u00e0 Gatineau. Lorsque vous avez besoin de l&rsquo;expertise d&rsquo;un pour la planification et la liquidation de succession, . Chez L\u2019\u00c9tude l\u00e9gale du Vieux-Aylmer, nous assurerons une assistance adapt\u00e9e \u00e0 vos besoins! Il est pr\u00e9f\u00e9rable [&hellip;]<\/p>\n","protected":false},"author":1,"featured_media":0,"parent":0,"menu_order":0,"comment_status":"closed","ping_status":"closed","template":"","meta":{"footnotes":""},"class_list":["post-68","page","type-page","status-publish","hentry"],"_links":{"self":[{"href":"https:\/\/www.notaireaylmer.com\/fr\/wp-json\/wp\/v2\/pages\/68","targetHints":{"allow":["GET"]}}],"collection":[{"href":"https:\/\/www.notaireaylmer.com\/fr\/wp-json\/wp\/v2\/pages"}],"about":[{"href":"https:\/\/www.notaireaylmer.com\/fr\/wp-json\/wp\/v2\/types\/page"}],"author":[{"embeddable":true,"href":"https:\/\/www.notaireaylmer.com\/fr\/wp-json\/wp\/v2\/users\/1"}],"replies":[{"embeddable":true,"href":"https:\/\/www.notaireaylmer.com\/fr\/wp-json\/wp\/v2\/comments?post=68"}],"version-history":[{"count":17,"href":"https:\/\/www.notaireaylmer.com\/fr\/wp-json\/wp\/v2\/pages\/68\/revisions"}],"predecessor-version":[{"id":854,"href":"https:\/\/www.notaireaylmer.com\/fr\/wp-json\/wp\/v2\/pages\/68\/revisions\/854"}],"wp:attachment":[{"href":"https:\/\/www.notaireaylmer.com\/fr\/wp-json\/wp\/v2\/media?parent=68"}],"curies":[{"name":"wp","href":"https:\/\/api.w.org\/{rel}","templated":true}]}}