{"id":792,"date":"2024-05-09T10:01:32","date_gmt":"2024-05-09T14:01:32","guid":{"rendered":"https:\/\/www.notaireaylmer.com\/?page_id=792"},"modified":"2024-10-30T13:31:26","modified_gmt":"2024-10-30T17:31:26","slug":"me-maxime-filion","status":"publish","type":"page","link":"https:\/\/www.notaireaylmer.com\/fr\/me-maxime-filion\/","title":{"rendered":"Me Maxime Filion"},"content":{"rendered":"<p>Originaire d&rsquo;Aylmer, Me Filion a fait ses \u00e9tudes \u00e0 la facult\u00e9 de droit civil de l&rsquo;Universit\u00e9 d&rsquo;Ottawa en 2020 et a poursuivi une formation au Barreau du Qu\u00e9bec en 2021, avant de se r\u00e9orienter vers le notariat. Il est inscrit \u00e0 l\u2019ordre de la Chambre des Notaires du Qu\u00e9bec depuis 2024.<\/p>\n<p>Sa carri\u00e8re est marqu\u00e9e par une diversit\u00e9 d&rsquo;int\u00e9r\u00eats, mais il \u0153uvre principalement en droit de la personne, en r\u00e9daction de testament et de mandat de protection, et en droit de la famille, en r\u00e9daction d\u2019entente de vie commune et en planification de mariage.<\/p>\n<p>Me Filion est parfaitement bilingue. Il est reconnu pour son sourire facile et sa bonne humeur. Il allie sensibilit\u00e9 et expertise pour offrir des conseils juridiques avis\u00e9s, tout en faisant preuve d&rsquo;une grande capacit\u00e9 d&rsquo;\u00e9coute. Il privil\u00e9gie le contact humain et fait preuve d&#8217;empathie dans toutes ses interactions, ce qui le distingue en tant que conseiller juridique d\u00e9vou\u00e9, bien plus qu\u2019un simple professionnel de droit. Sa capacit\u00e9 \u00e0 vulgariser les concepts juridiques complexes le rend accessible et appr\u00e9ci\u00e9 de sa client\u00e8le.<\/p>\n<p>&nbsp;<\/p>\n<a class=\"contact btn\" href=\"https:\/\/www.notaireaylmer.com\/fr\/contactez-nous\/\" aria-label=\"mfilion@notaireaylmer.com\">mfilion@notaireaylmer.com<\/a>\n","protected":false},"excerpt":{"rendered":"<p>Originaire d&rsquo;Aylmer, Me Filion a fait ses \u00e9tudes \u00e0 la facult\u00e9 de droit civil de l&rsquo;Universit\u00e9 d&rsquo;Ottawa en 2020 et a poursuivi une formation au Barreau du Qu\u00e9bec en 2021, avant de se r\u00e9orienter vers le notariat. Il est inscrit \u00e0 l\u2019ordre de la Chambre des Notaires du Qu\u00e9bec depuis 2024. Sa carri\u00e8re est marqu\u00e9e [&hellip;]<\/p>\n","protected":false},"author":1,"featured_media":788,"parent":0,"menu_order":0,"comment_status":"closed","ping_status":"closed","template":"page-templates\/member.php","meta":{"footnotes":""},"class_list":["post-792","page","type-page","status-publish","has-post-thumbnail","hentry"],"_links":{"self":[{"href":"https:\/\/www.notaireaylmer.com\/fr\/wp-json\/wp\/v2\/pages\/792","targetHints":{"allow":["GET"]}}],"collection":[{"href":"https:\/\/www.notaireaylmer.com\/fr\/wp-json\/wp\/v2\/pages"}],"about":[{"href":"https:\/\/www.notaireaylmer.com\/fr\/wp-json\/wp\/v2\/types\/page"}],"author":[{"embeddable":true,"href":"https:\/\/www.notaireaylmer.com\/fr\/wp-json\/wp\/v2\/users\/1"}],"replies":[{"embeddable":true,"href":"https:\/\/www.notaireaylmer.com\/fr\/wp-json\/wp\/v2\/comments?post=792"}],"version-history":[{"count":5,"href":"https:\/\/www.notaireaylmer.com\/fr\/wp-json\/wp\/v2\/pages\/792\/revisions"}],"predecessor-version":[{"id":809,"href":"https:\/\/www.notaireaylmer.com\/fr\/wp-json\/wp\/v2\/pages\/792\/revisions\/809"}],"wp:featuredmedia":[{"embeddable":true,"href":"https:\/\/www.notaireaylmer.com\/fr\/wp-json\/wp\/v2\/media\/788"}],"wp:attachment":[{"href":"https:\/\/www.notaireaylmer.com\/fr\/wp-json\/wp\/v2\/media?parent=792"}],"curies":[{"name":"wp","href":"https:\/\/api.w.org\/{rel}","templated":true}]}}