{"id":868,"date":"2025-09-16T10:49:18","date_gmt":"2025-09-16T14:49:18","guid":{"rendered":"https:\/\/www.notaireaylmer.com\/?page_id=868"},"modified":"2025-09-16T11:36:40","modified_gmt":"2025-09-16T15:36:40","slug":"immobilier","status":"publish","type":"page","link":"https:\/\/www.notaireaylmer.com\/fr\/nos-services\/immobilier\/","title":{"rendered":"Immobilier"},"content":{"rendered":"<section class=\"h1-container services\">\n<div class=\"container\">\n<div class=\"row\">\n<div class=\"col-12\">\n<div class=\"lc-block text-center\">\n<div editable=\"rich\">\n<h1>Acquisition et vente immobili\u00e8re \u00e0 Gatineau<\/h1>\n<\/p><\/div>\n<\/p><\/div>\n<p><!-- \/lc-block -->\n\t\t\t<\/div>\n<p><!-- \/col -->\n\t\t<\/div>\n<\/p><\/div>\n<\/section>\n<section class=\"immobilier-container\">\n<div class=\"container\">\n<div class=\"row\">\n<div class=\"col-12\">\n<div class=\"lc-block\">\n<div editable=\"rich\">\n<p>Acheter ou vendre une propri\u00e9t\u00e9 est l\u2019un des investissements les plus importants de votre vie. Il s\u2019agit d\u2019une \u00e9tape qui comporte de nombreux enjeux juridiques et financiers. Pour prot\u00e9ger vos int\u00e9r\u00eats et vous assurer que votre transaction se d\u00e9roule en toute s\u00e9curit\u00e9, faites confiance \u00e0 l\u2019\u00e9quipe de l\u2019\u00c9tude l\u00e9gale du Vieux-Aylmer \u00e0 Gatineau. Nos notaires d\u2019exp\u00e9rience vous accompagnent \u00e0 chaque \u00e9tape de votre projet immobilier.<\/p>\n<h2>Un accompagnement juridique complet pour vos transactions immobili\u00e8res<\/h2>\n<p>Ne laissez pas n\u2019importe qui s\u2019occuper de l\u2019un des investissements les plus importants de votre vie. Laissez L\u2019\u00c9tude l\u00e9gale du Vieux-Aylmer vous conseiller et vous guider sur les aspects l\u00e9gaux de votre transaction. Nous nous engageons \u00e0 tout v\u00e9rifier pour votre s\u00e9curit\u00e9:<\/p>\n<\/p><\/div>\n<\/p><\/div>\n<p><!-- \/lc-block -->\n\t\t\t<\/div>\n<p><!-- \/col -->\n\t\t<\/div>\n<\/p><\/div>\n<\/section>\n<section class=\"immobilier-block-container\">\n<div class=\"container\">\n<div class=\"row\">\n<div class=\"col-lg-6\">\n<div class=\"lc-block\">\n<div editable=\"rich\">\n<ul>\n<li>Analyse et r\u00e9daction de la promesse d\u2019achat<\/li>\n<li>Examen des titres immobiliers pour confirmer la l\u00e9galit\u00e9 de la propri\u00e9t\u00e9<\/li>\n<li>V\u00e9rification des dettes hypoth\u00e9caires encore actives<\/li>\n<li>Validation des taxes municipales et scolaires impay\u00e9es<\/li>\n<li>Contr\u00f4le des titres de propri\u00e9t\u00e9 et des liens enregistr\u00e9s<\/li>\n<\/ul><\/div>\n<\/p><\/div>\n<p><!-- \/lc-block -->\n\t\t\t<\/div>\n<p><!-- \/col --><\/p>\n<div class=\"col-lg-6 mt-4 mt-lg-0\">\n<div class=\"lc-block\">\n<div editable=\"rich\">\n<ul>\n<li>V\u00e9rification du certificat de localisation et du plan de cadastre<\/li>\n<li>Conformit\u00e9 avec les r\u00e8glements municipaux et les lois provinciales<\/li>\n<li>Recommandations sur l\u2019assurance titre et habitation<\/li>\n<li>Pr\u00e9paration et publication de la quittance d\u2019hypoth\u00e8que<\/li>\n<li>Analyse des servitudes, empi\u00e8tements et droits de passage<\/li>\n<\/ul><\/div>\n<\/p><\/div>\n<p><!-- \/lc-block -->\n\t\t\t<\/div>\n<p><!-- \/col -->\n\t\t<\/div>\n<\/p><\/div>\n<\/section>\n<section class=\"succession-container\">\n<div class=\"container\">\n<div class=\"row\">\n<div class=\"col-12\">\n<div class=\"lc-block\">\n<div editable=\"rich\">\n<h2>Pourquoi choisir un notaire pour votre transaction immobili\u00e8re \u00e0 Gatineau?<\/h2>\n<p>Un notaire n\u2019est pas seulement un t\u00e9moin lors de la signature. Il agit comme conseiller impartial qui prot\u00e8ge \u00e0 la fois l\u2019acheteur et le vendeur. En choisissant l\u2019\u00c9tude l\u00e9gale du Vieux-Aylmer, vous b\u00e9n\u00e9ficiez de&nbsp;:<\/p>\n<ul>\n<li>Plus de 30 ans d\u2019exp\u00e9rience en droit immobilier \u00e0 Gatineau et en Outaouais<\/li>\n<li>Une approche humaine et transparente, centr\u00e9e sur vos besoins<\/li>\n<li>Une expertise reconnue dans l\u2019analyse juridique des transactions immobili\u00e8res<\/li>\n<li>Un accompagnement personnalis\u00e9, de la promesse d\u2019achat \u00e0 la remise des cl\u00e9s<\/li>\n<\/ul><\/div>\n<\/p><\/div>\n<p><!-- \/lc-block -->\n\t\t\t<\/div>\n<p><!-- \/col -->\n\t\t<\/div>\n<\/p><\/div>\n<\/section>\n<hr>\n<section class=\"testament-container\">\n<div class=\"container\">\n<div class=\"row\">\n<div class=\"col-12\">\n<div class=\"lc-block\">\n<div editable=\"rich\">\n<h2>S\u00e9curisez votre achat ou vente immobili\u00e8re avec l\u2019\u00c9tude l\u00e9gale du Vieux-Aylmer<\/h2>\n<p>Que vous achetiez votre premi\u00e8re maison, un immeuble \u00e0 revenus ou que vous vendiez une propri\u00e9t\u00e9 familiale, notre \u00e9quipe est l\u00e0 pour vous guider. Avec l\u2019\u00c9tude l\u00e9gale du Vieux-Aylmer, vous avez l\u2019assurance que chaque aspect juridique de votre transaction sera pris en charge avec professionnalisme.<\/p>\n<p>Contactez-nous d\u00e8s aujourd\u2019hui pour une consultation avec un notaire sp\u00e9cialis\u00e9 en acquisition et vente immobili\u00e8re \u00e0 Gatineau.<\/p>\n<\/p><\/div>\n<\/p><\/div>\n<p><!-- \/lc-block -->\n\t\t\t<\/div>\n<p><!-- \/col -->\n\t\t<\/div>\n<\/p><\/div>\n<\/section>\n<p><script>\n\tdocument.addEventListener('DOMContentLoaded', function(event) {\n\t\tvar subjectElements = document.getElementsByName('your-subject');\n\t\tif (subjectElements.length) {\n\t\t\tvar subjectElement = subjectElements[0];\n\t\t\tif (subjectElement) {\n\t\t\t\tsubjectElement.value = 'Immeuble';\n\t\t\t}\n\t\t}\n\t});\n<\/script><\/p>\n","protected":false},"excerpt":{"rendered":"<p>Acquisition et vente immobili\u00e8re \u00e0 Gatineau Acheter ou vendre une propri\u00e9t\u00e9 est l\u2019un des investissements les plus importants de votre vie. Il s\u2019agit d\u2019une \u00e9tape qui comporte de nombreux enjeux juridiques et financiers. Pour prot\u00e9ger vos int\u00e9r\u00eats et vous assurer que votre transaction se d\u00e9roule en toute s\u00e9curit\u00e9, faites confiance \u00e0 l\u2019\u00e9quipe de l\u2019\u00c9tude l\u00e9gale [&hellip;]<\/p>\n","protected":false},"author":1,"featured_media":0,"parent":23,"menu_order":0,"comment_status":"closed","ping_status":"closed","template":"","meta":{"footnotes":""},"class_list":["post-868","page","type-page","status-publish","hentry"],"_links":{"self":[{"href":"https:\/\/www.notaireaylmer.com\/fr\/wp-json\/wp\/v2\/pages\/868","targetHints":{"allow":["GET"]}}],"collection":[{"href":"https:\/\/www.notaireaylmer.com\/fr\/wp-json\/wp\/v2\/pages"}],"about":[{"href":"https:\/\/www.notaireaylmer.com\/fr\/wp-json\/wp\/v2\/types\/page"}],"author":[{"embeddable":true,"href":"https:\/\/www.notaireaylmer.com\/fr\/wp-json\/wp\/v2\/users\/1"}],"replies":[{"embeddable":true,"href":"https:\/\/www.notaireaylmer.com\/fr\/wp-json\/wp\/v2\/comments?post=868"}],"version-history":[{"count":4,"href":"https:\/\/www.notaireaylmer.com\/fr\/wp-json\/wp\/v2\/pages\/868\/revisions"}],"predecessor-version":[{"id":876,"href":"https:\/\/www.notaireaylmer.com\/fr\/wp-json\/wp\/v2\/pages\/868\/revisions\/876"}],"up":[{"embeddable":true,"href":"https:\/\/www.notaireaylmer.com\/fr\/wp-json\/wp\/v2\/pages\/23"}],"wp:attachment":[{"href":"https:\/\/www.notaireaylmer.com\/fr\/wp-json\/wp\/v2\/media?parent=868"}],"curies":[{"name":"wp","href":"https:\/\/api.w.org\/{rel}","templated":true}]}}