{"id":888,"date":"2025-09-16T11:45:24","date_gmt":"2025-09-16T15:45:24","guid":{"rendered":"https:\/\/www.notaireaylmer.com\/?page_id=888"},"modified":"2025-09-16T13:18:05","modified_gmt":"2025-09-16T17:18:05","slug":"testament","status":"publish","type":"page","link":"https:\/\/www.notaireaylmer.com\/fr\/nos-services\/testament\/","title":{"rendered":"Testament"},"content":{"rendered":"<section class=\"h1-container services\">\n<div class=\"container\">\n<div class=\"row\">\n<div class=\"col-12\">\n<div class=\"lc-block text-center\">\n<div editable=\"rich\">\n<h1>Pourquoi faire son testament devant notaire?<\/h1>\n<\/p><\/div>\n<\/p><\/div>\n<p><!-- \/lc-block -->\n\t\t\t<\/div>\n<p><!-- \/col -->\n\t\t<\/div>\n<\/p><\/div>\n<\/section>\n<section class=\"immobilier-container\">\n<div class=\"container\">\n<div class=\"row\">\n<div class=\"col-12\">\n<div class=\"lc-block\">\n<div editable=\"rich\">\n<p>Un testament notari\u00e9 est la solution la plus s\u00e9curitaire et la moins co\u00fbteuse \u00e0 long terme. Contrairement aux testaments olographes (\u00e9crits \u00e0 la main) ou faits devant t\u00e9moins, le testament notari\u00e9 :<\/p>\n<ul>\n<li>Est r\u00e9dig\u00e9 par un professionnel du droit qui s\u2019assure de sa conformit\u00e9 l\u00e9gale<\/li>\n<li>Est conserv\u00e9 de fa\u00e7on s\u00e9curis\u00e9e, \u00e9vitant toute perte ou destruction<\/li>\n<li>Ne n\u00e9cessite pas de v\u00e9rification par le tribunal au moment du d\u00e9c\u00e8s, ce qui r\u00e9duit les d\u00e9lais et les frais pour vos h\u00e9ritiers<\/li>\n<li>Est clair et sans ambigu\u00eft\u00e9, minimisant les risques de contestations<\/li>\n<\/ul><\/div>\n<p><!-- \/lc-block -->\n\t\t\t\t<\/div>\n<p><!-- \/col -->\n\t\t\t<\/div>\n<\/p><\/div>\n<\/p><\/div>\n<\/section>\n<section class=\"immobilier-block-container\">\n<div class=\"container\">\n<div class=\"row\">\n<div class=\"col-lg-6\">\n<div class=\"lc-block\">\n<div editable=\"rich\">\n<ul>\n<li>La d\u00e9signation des h\u00e9ritiers et la r\u00e9partition des biens<\/li>\n<li>La nomination d\u2019un liquidateur de succession<\/li>\n<li>La planification successorale pour r\u00e9duire l\u2019impact fiscal<\/li>\n<\/ul><\/div>\n<\/p><\/div>\n<p><!-- \/lc-block -->\n\t\t\t<\/div>\n<p><!-- \/col --><\/p>\n<div class=\"col-lg-6 mt-4 mt-lg-0\">\n<div class=\"lc-block\">\n<div editable=\"rich\">\n<ul>\n<li>La protection des enfants mineurs (tuteur, fiducie, etc.)<\/li>\n<li>Les dispositions particuli\u00e8res pour un conjoint, une entreprise familiale ou un bien immobilier<\/li>\n<li>Les volont\u00e9s sp\u00e9cifiques li\u00e9es \u00e0 votre patrimoine ou \u00e0 des legs particuliers<\/li>\n<\/ul><\/div>\n<\/p><\/div>\n<p><!-- \/lc-block -->\n\t\t\t<\/div>\n<p><!-- \/col -->\n\t\t<\/div>\n<\/p><\/div>\n<\/section>\n<section class=\"succession-container\">\n<div class=\"container\">\n<div class=\"row\">\n<div class=\"col-12\">\n<div class=\"lc-block\">\n<div editable=\"rich\">\n<p>Chaque testament est unique et adapt\u00e9 \u00e0 votre r\u00e9alit\u00e9 personnelle, familiale et financi\u00e8re.<\/p>\n<\/p><\/div>\n<\/p><\/div>\n<p><!-- \/lc-block -->\n\t\t\t<\/div>\n<p><!-- \/col -->\n\t\t<\/div>\n<\/p><\/div>\n<\/section>\n<hr>\n<section class=\"succession-container\">\n<div class=\"container\">\n<div class=\"row\">\n<div class=\"col-12\">\n<div class=\"lc-block\">\n<div editable=\"rich\">\n<h3>Faire son testament, une d\u00e9marche de pr\u00e9voyance<\/h3>\n<p>R\u00e9diger son testament, ce n\u2019est pas seulement pr\u00e9voir l\u2019avenir, c\u2019est aussi offrir la paix d\u2019esprit \u00e0 ceux qui vous sont chers. Un testament notari\u00e9 \u00e9vite les incertitudes, simplifie le r\u00e8glement de la succession et prot\u00e8ge vos proches dans une p\u00e9riode d\u00e9j\u00e0 difficile.<\/p>\n<\/p><\/div>\n<\/p><\/div>\n<p><!-- \/lc-block -->\n\t\t\t<\/div>\n<p><!-- \/col -->\n\t\t<\/div>\n<\/p><\/div>\n<\/section>\n<hr>\n<section class=\"succession-container\">\n<div class=\"container\">\n<div class=\"row\">\n<div class=\"col-12\">\n<div class=\"lc-block\">\n<div editable=\"rich\">\n<h3>Pourquoi choisir l\u2019\u00c9tude l\u00e9gale du Vieux-Aylmer pour votre testament?<\/h3>\n<ul>\n<li>Plus de 30 ans d\u2019exp\u00e9rience en droit successoral \u00e0 Gatineau et en Outaouais<\/li>\n<li>Une approche humaine, \u00e0 l\u2019\u00e9coute de vos besoins et de vos pr\u00e9occupations<\/li>\n<li>Une explication claire des implications l\u00e9gales et fiscales<\/li>\n<li>Des conseils personnalis\u00e9s pour optimiser la transmission de votre patrimoine<\/li>\n<\/ul><\/div>\n<\/p><\/div>\n<p><!-- \/lc-block -->\n\t\t\t<\/div>\n<p><!-- \/col -->\n\t\t<\/div>\n<\/p><\/div>\n<\/section>\n<hr>\n<section class=\"testament-container\">\n<div class=\"container\">\n<div class=\"row\">\n<div class=\"col-12\">\n<div class=\"lc-block\">\n<div editable=\"rich\">\n<h2>Prenez rendez-vous d\u00e8s aujourd\u2019hui<\/h2>\n<p>N\u2019attendez pas qu\u2019il soit trop tard pour organiser vos volont\u00e9s. Prot\u00e9gez vos proches et assurez-vous que vos d\u00e9cisions seront respect\u00e9es.<\/p>\n<p>Contactez l\u2019\u00c9tude l\u00e9gale du Vieux-Aylmer d\u00e8s aujourd\u2019hui pour pr\u00e9parer votre testament notari\u00e9 \u00e0 Gatineau.<\/p>\n<\/p><\/div>\n<\/p><\/div>\n<p><!-- \/lc-block -->\n\t\t\t<\/div>\n<p><!-- \/col -->\n\t\t<\/div>\n<\/p><\/div>\n<\/section>\n<p><script>\n\tdocument.addEventListener('DOMContentLoaded', function(event) {\n\t\tvar subjectElements = document.getElementsByName('your-subject');\n\t\tif (subjectElements.length) {\n\t\t\tvar subjectElement = subjectElements[0];\n\t\t\tif (subjectElement) {\n\t\t\t\tsubjectElement.value = 'Testament';\n\t\t\t}\n\t\t}\n\t});\n<\/script><\/p>\n","protected":false},"excerpt":{"rendered":"<p>Pourquoi faire son testament devant notaire? Un testament notari\u00e9 est la solution la plus s\u00e9curitaire et la moins co\u00fbteuse \u00e0 long terme. Contrairement aux testaments olographes (\u00e9crits \u00e0 la main) ou faits devant t\u00e9moins, le testament notari\u00e9 : Est r\u00e9dig\u00e9 par un professionnel du droit qui s\u2019assure de sa conformit\u00e9 l\u00e9gale Est conserv\u00e9 de fa\u00e7on [&hellip;]<\/p>\n","protected":false},"author":1,"featured_media":0,"parent":23,"menu_order":0,"comment_status":"closed","ping_status":"closed","template":"","meta":{"footnotes":""},"class_list":["post-888","page","type-page","status-publish","hentry"],"_links":{"self":[{"href":"https:\/\/www.notaireaylmer.com\/fr\/wp-json\/wp\/v2\/pages\/888","targetHints":{"allow":["GET"]}}],"collection":[{"href":"https:\/\/www.notaireaylmer.com\/fr\/wp-json\/wp\/v2\/pages"}],"about":[{"href":"https:\/\/www.notaireaylmer.com\/fr\/wp-json\/wp\/v2\/types\/page"}],"author":[{"embeddable":true,"href":"https:\/\/www.notaireaylmer.com\/fr\/wp-json\/wp\/v2\/users\/1"}],"replies":[{"embeddable":true,"href":"https:\/\/www.notaireaylmer.com\/fr\/wp-json\/wp\/v2\/comments?post=888"}],"version-history":[{"count":9,"href":"https:\/\/www.notaireaylmer.com\/fr\/wp-json\/wp\/v2\/pages\/888\/revisions"}],"predecessor-version":[{"id":944,"href":"https:\/\/www.notaireaylmer.com\/fr\/wp-json\/wp\/v2\/pages\/888\/revisions\/944"}],"up":[{"embeddable":true,"href":"https:\/\/www.notaireaylmer.com\/fr\/wp-json\/wp\/v2\/pages\/23"}],"wp:attachment":[{"href":"https:\/\/www.notaireaylmer.com\/fr\/wp-json\/wp\/v2\/media?parent=888"}],"curies":[{"name":"wp","href":"https:\/\/api.w.org\/{rel}","templated":true}]}}