{"id":918,"date":"2025-09-16T12:46:55","date_gmt":"2025-09-16T16:46:55","guid":{"rendered":"https:\/\/www.notaireaylmer.com\/?page_id=918"},"modified":"2025-09-16T13:16:19","modified_gmt":"2025-09-16T17:16:19","slug":"mandat","status":"publish","type":"page","link":"https:\/\/www.notaireaylmer.com\/fr\/nos-services\/mandat\/","title":{"rendered":"Mandat d\u2019inaptitude et procuration"},"content":{"rendered":"<section class=\"h1-container services\">\n<div class=\"container\">\n<div class=\"row\">\n<div class=\"col-12\">\n<div class=\"lc-block text-center\">\n<div editable=\"rich\">\n<h1>Mandat d\u2019inaptitude et procuration \u00e0 Gatineau<\/h1>\n<\/p><\/div>\n<\/p><\/div>\n<p><!-- \/lc-block -->\n\t\t\t<\/div>\n<p><!-- \/col -->\n\t\t<\/div>\n<\/p><\/div>\n<\/section>\n<section class=\"immobilier-container\">\n<div class=\"container\">\n<div class=\"row\">\n<div class=\"col-12\">\n<div class=\"lc-block\">\n<div editable=\"rich\">\n<p>Beaucoup de gens croient \u00e0 tort que le fait d\u2019\u00eatre mari\u00e9, en couple ou membre de la famille donne automatiquement le droit de g\u00e9rer les biens, l\u2019argent ou les d\u00e9cisions m\u00e9dicales d\u2019un proche devenu inapte. En r\u00e9alit\u00e9, sans mandat en cas d\u2019inaptitude ou procuration, vos proches devront entreprendre des d\u00e9marches juridiques longues et co\u00fbteuses pour agir en votre nom.<\/p>\n<p>\u00c0 l\u2019\u00c9tude l\u00e9gale du Vieux-Aylmer \u00e0 Gatineau, nos notaires vous accompagnent afin de pr\u00e9parer ces documents essentiels qui prot\u00e8gent vos int\u00e9r\u00eats et facilitent la gestion de vos affaires en cas de besoin.<\/p>\n<\/p><\/div>\n<\/p><\/div>\n<p><!-- \/lc-block -->\n\t\t\t<\/div>\n<p><!-- \/col -->\n\t\t<\/div>\n<\/p><\/div>\n<\/section>\n<hr>\n<section class=\"succession-container\">\n<div class=\"container\">\n<div class=\"row\">\n<div class=\"col-12\">\n<div class=\"lc-block\">\n<div editable=\"rich\">\n<h2>Qu\u2019est-ce qu\u2019un mandat d\u2019inaptitude?<\/h2>\n<p>Le mandat en cas d\u2019inaptitude (aussi appel\u00e9 mandat de protection) est un document juridique qui permet de d\u00e9signer une ou plusieurs personnes de confiance pour prendre soin de vous et g\u00e9rer vos biens si vous devenez incapable de le faire vous-m\u00eame, par exemple en raison d\u2019une maladie ou d\u2019un accident.<\/p>\n<p>Avec ce mandat, vous pouvez&nbsp;:<\/p>\n<ul>\n<li>Choisir qui prendra les d\u00e9cisions concernant vos soins et vos finances<\/li>\n<li>D\u00e9terminer \u00e0 l\u2019avance vos volont\u00e9s et pr\u00e9f\u00e9rences<\/li>\n<li>\u00c9viter l\u2019intervention du tribunal et prot\u00e9ger vos proches de proc\u00e9dures complexes<\/li>\n<\/ul><\/div>\n<\/p><\/div>\n<p><!-- \/lc-block -->\n\t\t\t<\/div>\n<p><!-- \/col -->\n\t\t<\/div>\n<\/p><\/div>\n<\/section>\n<hr>\n<section class=\"succession-container\">\n<div class=\"container\">\n<div class=\"row\">\n<div class=\"col-12\">\n<div class=\"lc-block\">\n<div editable=\"rich\">\n<h3>Qu\u2019est-ce qu\u2019une procuration?<\/h3>\n<p>La procuration est un document qui permet d\u2019autoriser une personne de confiance \u00e0 accomplir certains actes juridiques ou administratifs en votre nom. Contrairement au mandat d\u2019inaptitude, la procuration est valide tant que vous \u00eates apte. Elle est particuli\u00e8rement utile pour :<\/p>\n<ul>\n<li>G\u00e9rer vos finances lors d\u2019un voyage ou d\u2019une absence prolong\u00e9e<\/li>\n<li>Effectuer des paiements ou signer des documents en votre nom<\/li>\n<li>Faciliter la gestion de vos affaires courantes<\/li>\n<\/ul><\/div>\n<\/p><\/div>\n<p><!-- \/lc-block -->\n\t\t\t<\/div>\n<p><!-- \/col -->\n\t\t<\/div>\n<\/p><\/div>\n<\/section>\n<hr>\n<section class=\"succession-container\">\n<div class=\"container\">\n<div class=\"row\">\n<div class=\"col-12\">\n<div class=\"lc-block\">\n<div editable=\"rich\">\n<h3>Pourquoi consulter un notaire pour ces documents?<\/h3>\n<p>Un mandat d\u2019inaptitude ou une procuration r\u00e9dig\u00e9s devant notaire offrent une s\u00e9curit\u00e9 juridique incomparable. Le notaire s\u2019assure que vos volont\u00e9s sont claires, conformes \u00e0 la loi et qu\u2019elles ne pourront pas \u00eatre contest\u00e9es. De plus, ces documents notari\u00e9s sont conserv\u00e9s de fa\u00e7on s\u00e9curis\u00e9e et accessibles au moment opportun.<\/p>\n<p>Contactez l\u2019\u00c9tude l\u00e9gale du Vieux-Aylmer d\u00e8s aujourd\u2019hui pour pr\u00e9parer votre mandat d\u2019inaptitude ou votre procuration \u00e0 Gatineau.<\/p>\n<\/p><\/div>\n<\/p><\/div>\n<p><!-- \/lc-block -->\n\t\t\t<\/div>\n<p><!-- \/col -->\n\t\t<\/div>\n<\/p><\/div>\n<\/section>\n<p><script>\n\tdocument.addEventListener('DOMContentLoaded', function(event) {\n\t\tvar subjectElements = document.getElementsByName('your-subject');\n\t\tif (subjectElements.length) {\n\t\t\tvar subjectElement = subjectElements[0];\n\t\t\tif (subjectElement) {\n\t\t\t\tsubjectElement.value = 'Mandat';\n\t\t\t}\n\t\t}\n\t});\n<\/script><\/p>\n","protected":false},"excerpt":{"rendered":"<p>Mandat d\u2019inaptitude et procuration \u00e0 Gatineau Beaucoup de gens croient \u00e0 tort que le fait d\u2019\u00eatre mari\u00e9, en couple ou membre de la famille donne automatiquement le droit de g\u00e9rer les biens, l\u2019argent ou les d\u00e9cisions m\u00e9dicales d\u2019un proche devenu inapte. En r\u00e9alit\u00e9, sans mandat en cas d\u2019inaptitude ou procuration, vos proches devront entreprendre des [&hellip;]<\/p>\n","protected":false},"author":1,"featured_media":0,"parent":23,"menu_order":0,"comment_status":"closed","ping_status":"closed","template":"","meta":{"footnotes":""},"class_list":["post-918","page","type-page","status-publish","hentry"],"_links":{"self":[{"href":"https:\/\/www.notaireaylmer.com\/fr\/wp-json\/wp\/v2\/pages\/918","targetHints":{"allow":["GET"]}}],"collection":[{"href":"https:\/\/www.notaireaylmer.com\/fr\/wp-json\/wp\/v2\/pages"}],"about":[{"href":"https:\/\/www.notaireaylmer.com\/fr\/wp-json\/wp\/v2\/types\/page"}],"author":[{"embeddable":true,"href":"https:\/\/www.notaireaylmer.com\/fr\/wp-json\/wp\/v2\/users\/1"}],"replies":[{"embeddable":true,"href":"https:\/\/www.notaireaylmer.com\/fr\/wp-json\/wp\/v2\/comments?post=918"}],"version-history":[{"count":8,"href":"https:\/\/www.notaireaylmer.com\/fr\/wp-json\/wp\/v2\/pages\/918\/revisions"}],"predecessor-version":[{"id":940,"href":"https:\/\/www.notaireaylmer.com\/fr\/wp-json\/wp\/v2\/pages\/918\/revisions\/940"}],"up":[{"embeddable":true,"href":"https:\/\/www.notaireaylmer.com\/fr\/wp-json\/wp\/v2\/pages\/23"}],"wp:attachment":[{"href":"https:\/\/www.notaireaylmer.com\/fr\/wp-json\/wp\/v2\/media?parent=918"}],"curies":[{"name":"wp","href":"https:\/\/api.w.org\/{rel}","templated":true}]}}